{"id":210,"date":"2019-08-04T00:22:18","date_gmt":"2019-08-04T00:22:18","guid":{"rendered":"http:\/\/www.siticom.co\/web\/?page_id=210"},"modified":"2020-07-19T14:34:14","modified_gmt":"2020-07-19T19:34:14","slug":"tienda-en-linea","status":"publish","type":"page","link":"https:\/\/www.siticom.co\/web\/tienda-en-linea\/","title":{"rendered":"Tienda en l\u00ednea"},"content":{"rendered":"<p>[et_pb_section fb_built=\u00bb1&#8243; _builder_version=\u00bb3.22&#8243; background_image=\u00bbhttps:\/\/www.siticom.co\/web\/wp-content\/uploads\/2019\/08\/FranjaAzulSuperiorWeb.png\u00bb][et_pb_row _builder_version=\u00bb3.25&#8243; background_size=\u00bbinitial\u00bb background_position=\u00bbtop_left\u00bb background_repeat=\u00bbrepeat\u00bb][et_pb_column type=\u00bb4_4&#8243; _builder_version=\u00bb3.25&#8243; custom_padding=\u00bb|||\u00bb custom_padding__hover=\u00bb|||\u00bb][et_pb_text _builder_version=\u00bb4.4.0&#8243; text_font=\u00bb||||||||\u00bb text_font_size=\u00bb50px\u00bb background_layout=\u00bbdark\u00bb text_font_size_tablet=\u00bb40px\u00bb text_font_size_phone=\u00bb30px\u00bb text_font_size_last_edited=\u00bbon|phone\u00bb text_text_shadow_style=\u00bbpreset1&#8243;]TIENDA EN L\u00cdNEA[\/et_pb_text][\/et_pb_column][\/et_pb_row][\/et_pb_section][et_pb_section fb_built=\u00bb1&#8243; _builder_version=\u00bb3.22&#8243; background_color=\u00bb#292a25&#8243; custom_padding=\u00bb15px|0px|15px|0px\u00bb][et_pb_row column_structure=\u00bb2_3,1_3&#8243; _builder_version=\u00bb3.25&#8243; custom_padding=\u00bb0px|0px|1px|0px\u00bb][et_pb_column type=\u00bb2_3&#8243; _builder_version=\u00bb3.25&#8243; custom_padding=\u00bb|||\u00bb custom_padding__hover=\u00bb|||\u00bb][et_pb_text _builder_version=\u00bb3.27.4&#8243; text_font=\u00bb||||||||\u00bb text_font_size=\u00bb20px\u00bb text_orientation=\u00bbcenter\u00bb background_layout=\u00bbdark\u00bb]\u00bfTienes alg\u00fan problema o consulta que quieras comentarnos?<br \/>\n[\/et_pb_text][\/et_pb_column][et_pb_column type=\u00bb1_3&#8243; _builder_version=\u00bb3.25&#8243; custom_padding=\u00bb|||\u00bb custom_padding__hover=\u00bb|||\u00bb][et_pb_button button_url=\u00bbhttp:\/\/www.siticom.co\/web\/contactanos\/\u00bb button_text=\u00bbEscr\u00edbenos\u00bb button_alignment=\u00bbcenter\u00bb _builder_version=\u00bb3.16&#8243; custom_button=\u00bbon\u00bb button_text_size=\u00bb18px\u00bb button_text_color=\u00bb#292a25&#8243; button_bg_color=\u00bb#ffffff\u00bb button_bg_use_color_gradient=\u00bbon\u00bb button_bg_color_gradient_start=\u00bb#ffffff\u00bb button_bg_color_gradient_end=\u00bb#dddddd\u00bb button_border_color=\u00bb#dddddd\u00bb button_border_radius=\u00bb10px\u00bb button_font=\u00bb||||||||\u00bb button_icon=\u00bb%%109%%\u00bb custom_padding=\u00bb0px||0px|\u00bb animation_style=\u00bbzoom\u00bb button_text_size__hover_enabled=\u00bboff\u00bb button_one_text_size__hover_enabled=\u00bboff\u00bb button_two_text_size__hover_enabled=\u00bboff\u00bb button_text_color__hover_enabled=\u00bboff\u00bb button_one_text_color__hover_enabled=\u00bboff\u00bb button_two_text_color__hover_enabled=\u00bboff\u00bb button_border_width__hover_enabled=\u00bboff\u00bb button_one_border_width__hover_enabled=\u00bboff\u00bb button_two_border_width__hover_enabled=\u00bboff\u00bb button_border_color__hover_enabled=\u00bboff\u00bb button_one_border_color__hover_enabled=\u00bboff\u00bb button_two_border_color__hover_enabled=\u00bboff\u00bb button_border_radius__hover_enabled=\u00bboff\u00bb button_one_border_radius__hover_enabled=\u00bboff\u00bb button_two_border_radius__hover_enabled=\u00bboff\u00bb button_letter_spacing__hover_enabled=\u00bboff\u00bb button_one_letter_spacing__hover_enabled=\u00bboff\u00bb button_two_letter_spacing__hover_enabled=\u00bboff\u00bb button_bg_color__hover_enabled=\u00bboff\u00bb button_one_bg_color__hover_enabled=\u00bboff\u00bb button_two_bg_color__hover_enabled=\u00bboff\u00bb][\/et_pb_button][\/et_pb_column][\/et_pb_row][\/et_pb_section][et_pb_section fb_built=\u00bb1&#8243; _builder_version=\u00bb3.22&#8243;][\/et_pb_section][et_pb_section fb_built=\u00bb1&#8243; _builder_version=\u00bb3.22&#8243;][et_pb_row column_structure=\u00bb3_4,1_4&#8243; _builder_version=\u00bb3.25&#8243; background_size=\u00bbinitial\u00bb background_position=\u00bbtop_left\u00bb background_repeat=\u00bbrepeat\u00bb][et_pb_column type=\u00bb3_4&#8243; _builder_version=\u00bb3.25&#8243; custom_padding=\u00bb|||\u00bb custom_padding__hover=\u00bb|||\u00bb][et_pb_shop _builder_version=\u00bb3.25.3&#8243;][\/et_pb_shop][\/et_pb_column][et_pb_column type=\u00bb1_4&#8243; _builder_version=\u00bb3.25&#8243; custom_padding=\u00bb|||\u00bb custom_padding__hover=\u00bb|||\u00bb][\/et_pb_column][\/et_pb_row][\/et_pb_section]<\/p>\n","protected":false},"excerpt":{"rendered":"<p>[et_pb_section fb_built=\u00bb1&#8243; _builder_version=\u00bb3.22&#8243; background_image=\u00bbhttps:\/\/www.siticom.co\/web\/wp-content\/uploads\/2019\/08\/FranjaAzulSuperiorWeb.png\u00bb][et_pb_row _builder_version=\u00bb3.25&#8243; background_size=\u00bbinitial\u00bb background_position=\u00bbtop_left\u00bb background_repeat=\u00bbrepeat\u00bb][et_pb_column type=\u00bb4_4&#8243; _builder_version=\u00bb3.25&#8243; custom_padding=\u00bb|||\u00bb custom_padding__hover=\u00bb|||\u00bb][et_pb_text _builder_version=\u00bb4.4.0&#8243; text_font=\u00bb||||||||\u00bb text_font_size=\u00bb50px\u00bb background_layout=\u00bbdark\u00bb text_font_size_tablet=\u00bb40px\u00bb text_font_size_phone=\u00bb30px\u00bb text_font_size_last_edited=\u00bbon|phone\u00bb text_text_shadow_style=\u00bbpreset1&#8243;]TIENDA EN L\u00cdNEA[\/et_pb_text][\/et_pb_column][\/et_pb_row][\/et_pb_section][et_pb_section fb_built=\u00bb1&#8243; _builder_version=\u00bb3.22&#8243; background_color=\u00bb#292a25&#8243; custom_padding=\u00bb15px|0px|15px|0px\u00bb][et_pb_row column_structure=\u00bb2_3,1_3&#8243; _builder_version=\u00bb3.25&#8243; custom_padding=\u00bb0px|0px|1px|0px\u00bb][et_pb_column type=\u00bb2_3&#8243; _builder_version=\u00bb3.25&#8243; custom_padding=\u00bb|||\u00bb custom_padding__hover=\u00bb|||\u00bb][et_pb_text _builder_version=\u00bb3.27.4&#8243; text_font=\u00bb||||||||\u00bb text_font_size=\u00bb20px\u00bb text_orientation=\u00bbcenter\u00bb background_layout=\u00bbdark\u00bb]\u00bfTienes alg\u00fan problema o consulta que quieras comentarnos? [\/et_pb_text][\/et_pb_column][et_pb_column type=\u00bb1_3&#8243; _builder_version=\u00bb3.25&#8243; custom_padding=\u00bb|||\u00bb custom_padding__hover=\u00bb|||\u00bb][et_pb_button button_url=\u00bbhttp:\/\/www.siticom.co\/web\/contactanos\/\u00bb button_text=\u00bbEscr\u00edbenos\u00bb button_alignment=\u00bbcenter\u00bb _builder_version=\u00bb3.16&#8243; custom_button=\u00bbon\u00bb [&hellip;]<\/p>\n","protected":false},"author":1,"featured_media":0,"parent":0,"menu_order":0,"comment_status":"closed","ping_status":"closed","template":"","meta":{"_et_pb_use_builder":"on","_et_pb_old_content":"","_et_gb_content_width":"","footnotes":""},"class_list":["post-210","page","type-page","status-publish","hentry"],"yoast_head":"<!-- This site is optimized with the Yoast SEO plugin v27.2 - https:\/\/yoast.com\/product\/yoast-seo-wordpress\/ -->\n<title>Tienda en l\u00ednea - Siticom S.A.S. - Servicios Integrales en Tecnolog\u00eda Inform\u00e1tica y Comuncaciones<\/title>\n<meta name=\"robots\" content=\"index, follow, max-snippet:-1, max-image-preview:large, max-video-preview:-1\" \/>\n<link rel=\"canonical\" href=\"https:\/\/www.siticom.co\/web\/tienda-en-linea\/\" \/>\n<meta property=\"og:locale\" content=\"es_ES\" \/>\n<meta property=\"og:type\" content=\"article\" \/>\n<meta property=\"og:title\" content=\"Tienda en l\u00ednea - Siticom S.A.S. - Servicios Integrales en Tecnolog\u00eda Inform\u00e1tica y Comuncaciones\" \/>\n<meta property=\"og:description\" content=\"[et_pb_section fb_built=\u00bb1&#8243; _builder_version=\u00bb3.22&#8243; background_image=\u00bbhttps:\/\/www.siticom.co\/web\/wp-content\/uploads\/2019\/08\/FranjaAzulSuperiorWeb.png\u00bb][et_pb_row _builder_version=\u00bb3.25&#8243; background_size=\u00bbinitial\u00bb background_position=\u00bbtop_left\u00bb background_repeat=\u00bbrepeat\u00bb][et_pb_column type=\u00bb4_4&#8243; _builder_version=\u00bb3.25&#8243; custom_padding=\u00bb|||\u00bb custom_padding__hover=\u00bb|||\u00bb][et_pb_text _builder_version=\u00bb4.4.0&#8243; text_font=\u00bb||||||||\u00bb text_font_size=\u00bb50px\u00bb background_layout=\u00bbdark\u00bb text_font_size_tablet=\u00bb40px\u00bb text_font_size_phone=\u00bb30px\u00bb text_font_size_last_edited=\u00bbon|phone\u00bb text_text_shadow_style=\u00bbpreset1&#8243;]TIENDA EN L\u00cdNEA[\/et_pb_text][\/et_pb_column][\/et_pb_row][\/et_pb_section][et_pb_section fb_built=\u00bb1&#8243; _builder_version=\u00bb3.22&#8243; background_color=\u00bb#292a25&#8243; custom_padding=\u00bb15px|0px|15px|0px\u00bb][et_pb_row column_structure=\u00bb2_3,1_3&#8243; _builder_version=\u00bb3.25&#8243; custom_padding=\u00bb0px|0px|1px|0px\u00bb][et_pb_column type=\u00bb2_3&#8243; _builder_version=\u00bb3.25&#8243; custom_padding=\u00bb|||\u00bb custom_padding__hover=\u00bb|||\u00bb][et_pb_text _builder_version=\u00bb3.27.4&#8243; text_font=\u00bb||||||||\u00bb text_font_size=\u00bb20px\u00bb text_orientation=\u00bbcenter\u00bb background_layout=\u00bbdark\u00bb]\u00bfTienes alg\u00fan problema o consulta que quieras comentarnos? [\/et_pb_text][\/et_pb_column][et_pb_column type=\u00bb1_3&#8243; _builder_version=\u00bb3.25&#8243; custom_padding=\u00bb|||\u00bb custom_padding__hover=\u00bb|||\u00bb][et_pb_button button_url=\u00bbhttp:\/\/www.siticom.co\/web\/contactanos\/\u00bb button_text=\u00bbEscr\u00edbenos\u00bb button_alignment=\u00bbcenter\u00bb _builder_version=\u00bb3.16&#8243; custom_button=\u00bbon\u00bb [&hellip;]\" \/>\n<meta property=\"og:url\" content=\"https:\/\/www.siticom.co\/web\/tienda-en-linea\/\" \/>\n<meta property=\"og:site_name\" content=\"Siticom S.A.S. - Servicios Integrales en Tecnolog\u00eda Inform\u00e1tica y Comuncaciones\" \/>\n<meta property=\"article:publisher\" content=\"https:\/\/www.facebook.com\/SiticomColombia\" \/>\n<meta property=\"article:modified_time\" content=\"2020-07-19T19:34:14+00:00\" \/>\n<meta name=\"twitter:card\" content=\"summary_large_image\" \/>\n<meta name=\"twitter:site\" content=\"@SiticomSAS\" \/>\n<meta name=\"twitter:label1\" content=\"Tiempo de lectura\" \/>\n\t<meta name=\"twitter:data1\" content=\"2 minutos\" \/>\n<script type=\"application\/ld+json\" class=\"yoast-schema-graph\">{\"@context\":\"https:\/\/schema.org\",\"@graph\":[{\"@type\":\"WebPage\",\"@id\":\"https:\/\/www.siticom.co\/web\/tienda-en-linea\/\",\"url\":\"https:\/\/www.siticom.co\/web\/tienda-en-linea\/\",\"name\":\"Tienda en l\u00ednea - Siticom S.A.S. - Servicios Integrales en Tecnolog\u00eda Inform\u00e1tica y Comuncaciones\",\"isPartOf\":{\"@id\":\"https:\/\/www.siticom.co\/web\/#website\"},\"datePublished\":\"2019-08-04T00:22:18+00:00\",\"dateModified\":\"2020-07-19T19:34:14+00:00\",\"breadcrumb\":{\"@id\":\"https:\/\/www.siticom.co\/web\/tienda-en-linea\/#breadcrumb\"},\"inLanguage\":\"es\",\"potentialAction\":[{\"@type\":\"ReadAction\",\"target\":[\"https:\/\/www.siticom.co\/web\/tienda-en-linea\/\"]}]},{\"@type\":\"BreadcrumbList\",\"@id\":\"https:\/\/www.siticom.co\/web\/tienda-en-linea\/#breadcrumb\",\"itemListElement\":[{\"@type\":\"ListItem\",\"position\":1,\"name\":\"Portada\",\"item\":\"https:\/\/www.siticom.co\/web\/\"},{\"@type\":\"ListItem\",\"position\":2,\"name\":\"Tienda en l\u00ednea\"}]},{\"@type\":\"WebSite\",\"@id\":\"https:\/\/www.siticom.co\/web\/#website\",\"url\":\"https:\/\/www.siticom.co\/web\/\",\"name\":\"Siticom S.A.S. - Servicios Integrales en Tecnolog\u00eda Inform\u00e1tica y Comuncaciones\",\"description\":\"paginas web, hosting, reparacion de computadores, bogota, servidores, redes, cableado estructurado, router, switch, telefonia ip, tecnologia, sistemas, informatica, redes, linux, computadores, comunicaciones, internet, correo electronico, mail, seguridad, desarrollo de software, mantenimiento de computadores, impresoras, computadores, dise\u00f1o web, cms, webmaster, control de accesos, cctv, camaras ip\",\"publisher\":{\"@id\":\"https:\/\/www.siticom.co\/web\/#organization\"},\"potentialAction\":[{\"@type\":\"SearchAction\",\"target\":{\"@type\":\"EntryPoint\",\"urlTemplate\":\"https:\/\/www.siticom.co\/web\/?s={search_term_string}\"},\"query-input\":{\"@type\":\"PropertyValueSpecification\",\"valueRequired\":true,\"valueName\":\"search_term_string\"}}],\"inLanguage\":\"es\"},{\"@type\":\"Organization\",\"@id\":\"https:\/\/www.siticom.co\/web\/#organization\",\"name\":\"Siticom S.A.S.\",\"url\":\"https:\/\/www.siticom.co\/web\/\",\"logo\":{\"@type\":\"ImageObject\",\"inLanguage\":\"es\",\"@id\":\"https:\/\/www.siticom.co\/web\/#\/schema\/logo\/image\/\",\"url\":\"https:\/\/www.siticom.co\/web\/wp-content\/uploads\/2018\/11\/LogoCircular.png\",\"contentUrl\":\"https:\/\/www.siticom.co\/web\/wp-content\/uploads\/2018\/11\/LogoCircular.png\",\"width\":142,\"height\":132,\"caption\":\"Siticom S.A.S.\"},\"image\":{\"@id\":\"https:\/\/www.siticom.co\/web\/#\/schema\/logo\/image\/\"},\"sameAs\":[\"https:\/\/www.facebook.com\/SiticomColombia\",\"https:\/\/x.com\/SiticomSAS\",\"https:\/\/www.instagram.com\/siticomsas\/\",\"https:\/\/www.linkedin.com\/company\/siticom-sas\/\"]}]}<\/script>\n<!-- \/ Yoast SEO plugin. -->","yoast_head_json":{"title":"Tienda en l\u00ednea - Siticom S.A.S. - Servicios Integrales en Tecnolog\u00eda Inform\u00e1tica y Comuncaciones","robots":{"index":"index","follow":"follow","max-snippet":"max-snippet:-1","max-image-preview":"max-image-preview:large","max-video-preview":"max-video-preview:-1"},"canonical":"https:\/\/www.siticom.co\/web\/tienda-en-linea\/","og_locale":"es_ES","og_type":"article","og_title":"Tienda en l\u00ednea - Siticom S.A.S. - Servicios Integrales en Tecnolog\u00eda Inform\u00e1tica y Comuncaciones","og_description":"[et_pb_section fb_built=\u00bb1&#8243; _builder_version=\u00bb3.22&#8243; background_image=\u00bbhttps:\/\/www.siticom.co\/web\/wp-content\/uploads\/2019\/08\/FranjaAzulSuperiorWeb.png\u00bb][et_pb_row _builder_version=\u00bb3.25&#8243; background_size=\u00bbinitial\u00bb background_position=\u00bbtop_left\u00bb background_repeat=\u00bbrepeat\u00bb][et_pb_column type=\u00bb4_4&#8243; _builder_version=\u00bb3.25&#8243; custom_padding=\u00bb|||\u00bb custom_padding__hover=\u00bb|||\u00bb][et_pb_text _builder_version=\u00bb4.4.0&#8243; text_font=\u00bb||||||||\u00bb text_font_size=\u00bb50px\u00bb background_layout=\u00bbdark\u00bb text_font_size_tablet=\u00bb40px\u00bb text_font_size_phone=\u00bb30px\u00bb text_font_size_last_edited=\u00bbon|phone\u00bb text_text_shadow_style=\u00bbpreset1&#8243;]TIENDA EN L\u00cdNEA[\/et_pb_text][\/et_pb_column][\/et_pb_row][\/et_pb_section][et_pb_section fb_built=\u00bb1&#8243; _builder_version=\u00bb3.22&#8243; background_color=\u00bb#292a25&#8243; custom_padding=\u00bb15px|0px|15px|0px\u00bb][et_pb_row column_structure=\u00bb2_3,1_3&#8243; _builder_version=\u00bb3.25&#8243; custom_padding=\u00bb0px|0px|1px|0px\u00bb][et_pb_column type=\u00bb2_3&#8243; _builder_version=\u00bb3.25&#8243; custom_padding=\u00bb|||\u00bb custom_padding__hover=\u00bb|||\u00bb][et_pb_text _builder_version=\u00bb3.27.4&#8243; text_font=\u00bb||||||||\u00bb text_font_size=\u00bb20px\u00bb text_orientation=\u00bbcenter\u00bb background_layout=\u00bbdark\u00bb]\u00bfTienes alg\u00fan problema o consulta que quieras comentarnos? [\/et_pb_text][\/et_pb_column][et_pb_column type=\u00bb1_3&#8243; _builder_version=\u00bb3.25&#8243; custom_padding=\u00bb|||\u00bb custom_padding__hover=\u00bb|||\u00bb][et_pb_button button_url=\u00bbhttp:\/\/www.siticom.co\/web\/contactanos\/\u00bb button_text=\u00bbEscr\u00edbenos\u00bb button_alignment=\u00bbcenter\u00bb _builder_version=\u00bb3.16&#8243; custom_button=\u00bbon\u00bb [&hellip;]","og_url":"https:\/\/www.siticom.co\/web\/tienda-en-linea\/","og_site_name":"Siticom S.A.S. - Servicios Integrales en Tecnolog\u00eda Inform\u00e1tica y Comuncaciones","article_publisher":"https:\/\/www.facebook.com\/SiticomColombia","article_modified_time":"2020-07-19T19:34:14+00:00","twitter_card":"summary_large_image","twitter_site":"@SiticomSAS","twitter_misc":{"Tiempo de lectura":"2 minutos"},"schema":{"@context":"https:\/\/schema.org","@graph":[{"@type":"WebPage","@id":"https:\/\/www.siticom.co\/web\/tienda-en-linea\/","url":"https:\/\/www.siticom.co\/web\/tienda-en-linea\/","name":"Tienda en l\u00ednea - Siticom S.A.S. - Servicios Integrales en Tecnolog\u00eda Inform\u00e1tica y Comuncaciones","isPartOf":{"@id":"https:\/\/www.siticom.co\/web\/#website"},"datePublished":"2019-08-04T00:22:18+00:00","dateModified":"2020-07-19T19:34:14+00:00","breadcrumb":{"@id":"https:\/\/www.siticom.co\/web\/tienda-en-linea\/#breadcrumb"},"inLanguage":"es","potentialAction":[{"@type":"ReadAction","target":["https:\/\/www.siticom.co\/web\/tienda-en-linea\/"]}]},{"@type":"BreadcrumbList","@id":"https:\/\/www.siticom.co\/web\/tienda-en-linea\/#breadcrumb","itemListElement":[{"@type":"ListItem","position":1,"name":"Portada","item":"https:\/\/www.siticom.co\/web\/"},{"@type":"ListItem","position":2,"name":"Tienda en l\u00ednea"}]},{"@type":"WebSite","@id":"https:\/\/www.siticom.co\/web\/#website","url":"https:\/\/www.siticom.co\/web\/","name":"Siticom S.A.S. - Servicios Integrales en Tecnolog\u00eda Inform\u00e1tica y Comuncaciones","description":"paginas web, hosting, reparacion de computadores, bogota, servidores, redes, cableado estructurado, router, switch, telefonia ip, tecnologia, sistemas, informatica, redes, linux, computadores, comunicaciones, internet, correo electronico, mail, seguridad, desarrollo de software, mantenimiento de computadores, impresoras, computadores, dise\u00f1o web, cms, webmaster, control de accesos, cctv, camaras ip","publisher":{"@id":"https:\/\/www.siticom.co\/web\/#organization"},"potentialAction":[{"@type":"SearchAction","target":{"@type":"EntryPoint","urlTemplate":"https:\/\/www.siticom.co\/web\/?s={search_term_string}"},"query-input":{"@type":"PropertyValueSpecification","valueRequired":true,"valueName":"search_term_string"}}],"inLanguage":"es"},{"@type":"Organization","@id":"https:\/\/www.siticom.co\/web\/#organization","name":"Siticom S.A.S.","url":"https:\/\/www.siticom.co\/web\/","logo":{"@type":"ImageObject","inLanguage":"es","@id":"https:\/\/www.siticom.co\/web\/#\/schema\/logo\/image\/","url":"https:\/\/www.siticom.co\/web\/wp-content\/uploads\/2018\/11\/LogoCircular.png","contentUrl":"https:\/\/www.siticom.co\/web\/wp-content\/uploads\/2018\/11\/LogoCircular.png","width":142,"height":132,"caption":"Siticom S.A.S."},"image":{"@id":"https:\/\/www.siticom.co\/web\/#\/schema\/logo\/image\/"},"sameAs":["https:\/\/www.facebook.com\/SiticomColombia","https:\/\/x.com\/SiticomSAS","https:\/\/www.instagram.com\/siticomsas\/","https:\/\/www.linkedin.com\/company\/siticom-sas\/"]}]}},"_links":{"self":[{"href":"https:\/\/www.siticom.co\/web\/wp-json\/wp\/v2\/pages\/210","targetHints":{"allow":["GET"]}}],"collection":[{"href":"https:\/\/www.siticom.co\/web\/wp-json\/wp\/v2\/pages"}],"about":[{"href":"https:\/\/www.siticom.co\/web\/wp-json\/wp\/v2\/types\/page"}],"author":[{"embeddable":true,"href":"https:\/\/www.siticom.co\/web\/wp-json\/wp\/v2\/users\/1"}],"replies":[{"embeddable":true,"href":"https:\/\/www.siticom.co\/web\/wp-json\/wp\/v2\/comments?post=210"}],"version-history":[{"count":6,"href":"https:\/\/www.siticom.co\/web\/wp-json\/wp\/v2\/pages\/210\/revisions"}],"predecessor-version":[{"id":842,"href":"https:\/\/www.siticom.co\/web\/wp-json\/wp\/v2\/pages\/210\/revisions\/842"}],"wp:attachment":[{"href":"https:\/\/www.siticom.co\/web\/wp-json\/wp\/v2\/media?parent=210"}],"curies":[{"name":"wp","href":"https:\/\/api.w.org\/{rel}","templated":true}]}}