{"id":215,"date":"2019-08-04T00:44:30","date_gmt":"2019-08-04T00:44:30","guid":{"rendered":"http:\/\/www.siticom.co\/web\/?post_type=product&#038;p=215"},"modified":"2024-11-16T12:34:52","modified_gmt":"2024-11-16T17:34:52","slug":"motorola-moto-e6s","status":"publish","type":"product","link":"https:\/\/www.siticom.co\/web\/producto\/motorola-moto-e6s\/","title":{"rendered":"Motorola Moto E6S"},"content":{"rendered":"<p>El Motorola Moto E6s es una variante del Moto E6 con una pantalla HD+ de 6.1 pulgadas y potenciado por un procesador Mediatek Helio P22. El Moto E6s cuenta con 2GB de memoria RAM y 32GB de espacio de almacenamiento interno expandible, y sus c\u00e1maras son de 13 MP + 2 MP en su posterior y 5 megapixels al frente para selfies. El Moto E6s completa sus caracter\u00edsticas con una bater\u00eda de 3000 mAh, lector de huellas y corre Android 9.0 Pie.<\/p>\n<p> Caracter\u00edsticas principales<\/p>\n<p>    Pantalla: 6.1&#8243;, 720 x 1560 pixels<br \/>\n    Procesador: Mediatek Helio P22 2Ghz<br \/>\n    RAM: 2GB<br \/>\n    Almacenamiento: 32GB<br \/>\n    Expansi\u00f3n: microSD<\/p>\n<p>    C\u00e1mara: Dual, 13MP+2MP<br \/>\n    Bater\u00eda: 3000 mAh<br \/>\n    OS: Android 9.0<br \/>\n    Perfil: 8.5 mm<br \/>\n    Peso: 160 g<\/p>\n","protected":false},"excerpt":{"rendered":"<p>El Motorola Moto E6s es una variante del Moto E6 con una pantalla HD+ de 6.1 pulgadas y potenciado por un procesador Mediatek Helio P22.<\/p>\n","protected":false},"featured_media":867,"comment_status":"open","ping_status":"closed","template":"","meta":{"_et_pb_use_builder":"","_et_pb_old_content":"","_et_gb_content_width":""},"product_brand":[],"product_cat":[23],"product_tag":[],"class_list":{"0":"post-215","1":"product","2":"type-product","3":"status-publish","4":"has-post-thumbnail","6":"product_cat-celulares","8":"first","9":"instock","10":"taxable","11":"shipping-taxable","12":"purchasable","13":"product-type-simple"},"yoast_head":"<!-- This site is optimized with the Yoast SEO plugin v27.2 - https:\/\/yoast.com\/product\/yoast-seo-wordpress\/ -->\n<title>Motorola Moto E6S - Siticom S.A.S. - Servicios Integrales en Tecnolog\u00eda Inform\u00e1tica y Comuncaciones<\/title>\n<meta name=\"robots\" content=\"index, follow, max-snippet:-1, max-image-preview:large, max-video-preview:-1\" \/>\n<link rel=\"canonical\" href=\"https:\/\/www.siticom.co\/web\/producto\/motorola-moto-e6s\/\" \/>\n<meta property=\"og:locale\" content=\"es_ES\" \/>\n<meta property=\"og:type\" content=\"article\" \/>\n<meta property=\"og:title\" content=\"Motorola Moto E6S - Siticom S.A.S. - Servicios Integrales en Tecnolog\u00eda Inform\u00e1tica y Comuncaciones\" \/>\n<meta property=\"og:description\" content=\"El Motorola Moto E6s es una variante del Moto E6 con una pantalla HD+ de 6.1 pulgadas y potenciado por un procesador Mediatek Helio P22.\" \/>\n<meta property=\"og:url\" content=\"https:\/\/www.siticom.co\/web\/producto\/motorola-moto-e6s\/\" \/>\n<meta property=\"og:site_name\" content=\"Siticom S.A.S. - Servicios Integrales en Tecnolog\u00eda Inform\u00e1tica y Comuncaciones\" \/>\n<meta property=\"article:publisher\" content=\"https:\/\/www.facebook.com\/SiticomColombia\" \/>\n<meta property=\"article:modified_time\" content=\"2024-11-16T17:34:52+00:00\" \/>\n<meta property=\"og:image\" content=\"https:\/\/www.siticom.co\/web\/wp-content\/uploads\/2019\/08\/Moto-E6S-post-IG.png\" \/>\n\t<meta property=\"og:image:width\" content=\"1080\" \/>\n\t<meta property=\"og:image:height\" content=\"1080\" \/>\n\t<meta property=\"og:image:type\" content=\"image\/png\" \/>\n<meta name=\"twitter:card\" content=\"summary_large_image\" \/>\n<meta name=\"twitter:site\" content=\"@SiticomSAS\" \/>\n<meta name=\"twitter:label1\" content=\"Tiempo de lectura\" \/>\n\t<meta name=\"twitter:data1\" content=\"1 minuto\" \/>\n<script type=\"application\/ld+json\" class=\"yoast-schema-graph\">{\"@context\":\"https:\/\/schema.org\",\"@graph\":[{\"@type\":\"WebPage\",\"@id\":\"https:\/\/www.siticom.co\/web\/producto\/motorola-moto-e6s\/\",\"url\":\"https:\/\/www.siticom.co\/web\/producto\/motorola-moto-e6s\/\",\"name\":\"Motorola Moto E6S - Siticom S.A.S. - Servicios Integrales en Tecnolog\u00eda Inform\u00e1tica y Comuncaciones\",\"isPartOf\":{\"@id\":\"https:\/\/www.siticom.co\/web\/#website\"},\"primaryImageOfPage\":{\"@id\":\"https:\/\/www.siticom.co\/web\/producto\/motorola-moto-e6s\/#primaryimage\"},\"image\":{\"@id\":\"https:\/\/www.siticom.co\/web\/producto\/motorola-moto-e6s\/#primaryimage\"},\"thumbnailUrl\":\"https:\/\/www.siticom.co\/web\/wp-content\/uploads\/2019\/08\/Moto-E6S-post-IG.png\",\"datePublished\":\"2019-08-04T00:44:30+00:00\",\"dateModified\":\"2024-11-16T17:34:52+00:00\",\"breadcrumb\":{\"@id\":\"https:\/\/www.siticom.co\/web\/producto\/motorola-moto-e6s\/#breadcrumb\"},\"inLanguage\":\"es\",\"potentialAction\":[{\"@type\":\"ReadAction\",\"target\":[\"https:\/\/www.siticom.co\/web\/producto\/motorola-moto-e6s\/\"]}]},{\"@type\":\"ImageObject\",\"inLanguage\":\"es\",\"@id\":\"https:\/\/www.siticom.co\/web\/producto\/motorola-moto-e6s\/#primaryimage\",\"url\":\"https:\/\/www.siticom.co\/web\/wp-content\/uploads\/2019\/08\/Moto-E6S-post-IG.png\",\"contentUrl\":\"https:\/\/www.siticom.co\/web\/wp-content\/uploads\/2019\/08\/Moto-E6S-post-IG.png\",\"width\":1080,\"height\":1080},{\"@type\":\"BreadcrumbList\",\"@id\":\"https:\/\/www.siticom.co\/web\/producto\/motorola-moto-e6s\/#breadcrumb\",\"itemListElement\":[{\"@type\":\"ListItem\",\"position\":1,\"name\":\"Portada\",\"item\":\"https:\/\/www.siticom.co\/web\/\"},{\"@type\":\"ListItem\",\"position\":2,\"name\":\"Tienda en l\u00ednea\",\"item\":\"https:\/\/www.siticom.co\/web\/tienda-en-linea\/\"},{\"@type\":\"ListItem\",\"position\":3,\"name\":\"Motorola Moto E6S\"}]},{\"@type\":\"WebSite\",\"@id\":\"https:\/\/www.siticom.co\/web\/#website\",\"url\":\"https:\/\/www.siticom.co\/web\/\",\"name\":\"Siticom S.A.S. - Servicios Integrales en Tecnolog\u00eda Inform\u00e1tica y Comuncaciones\",\"description\":\"paginas web, hosting, reparacion de computadores, bogota, servidores, redes, cableado estructurado, router, switch, telefonia ip, tecnologia, sistemas, informatica, redes, linux, computadores, comunicaciones, internet, correo electronico, mail, seguridad, desarrollo de software, mantenimiento de computadores, impresoras, computadores, dise\u00f1o web, cms, webmaster, control de accesos, cctv, camaras ip\",\"publisher\":{\"@id\":\"https:\/\/www.siticom.co\/web\/#organization\"},\"potentialAction\":[{\"@type\":\"SearchAction\",\"target\":{\"@type\":\"EntryPoint\",\"urlTemplate\":\"https:\/\/www.siticom.co\/web\/?s={search_term_string}\"},\"query-input\":{\"@type\":\"PropertyValueSpecification\",\"valueRequired\":true,\"valueName\":\"search_term_string\"}}],\"inLanguage\":\"es\"},{\"@type\":\"Organization\",\"@id\":\"https:\/\/www.siticom.co\/web\/#organization\",\"name\":\"Siticom S.A.S.\",\"url\":\"https:\/\/www.siticom.co\/web\/\",\"logo\":{\"@type\":\"ImageObject\",\"inLanguage\":\"es\",\"@id\":\"https:\/\/www.siticom.co\/web\/#\/schema\/logo\/image\/\",\"url\":\"https:\/\/www.siticom.co\/web\/wp-content\/uploads\/2018\/11\/LogoCircular.png\",\"contentUrl\":\"https:\/\/www.siticom.co\/web\/wp-content\/uploads\/2018\/11\/LogoCircular.png\",\"width\":142,\"height\":132,\"caption\":\"Siticom S.A.S.\"},\"image\":{\"@id\":\"https:\/\/www.siticom.co\/web\/#\/schema\/logo\/image\/\"},\"sameAs\":[\"https:\/\/www.facebook.com\/SiticomColombia\",\"https:\/\/x.com\/SiticomSAS\",\"https:\/\/www.instagram.com\/siticomsas\/\",\"https:\/\/www.linkedin.com\/company\/siticom-sas\/\"]}]}<\/script>\n<!-- \/ Yoast SEO plugin. -->","yoast_head_json":{"title":"Motorola Moto E6S - Siticom S.A.S. - Servicios Integrales en Tecnolog\u00eda Inform\u00e1tica y Comuncaciones","robots":{"index":"index","follow":"follow","max-snippet":"max-snippet:-1","max-image-preview":"max-image-preview:large","max-video-preview":"max-video-preview:-1"},"canonical":"https:\/\/www.siticom.co\/web\/producto\/motorola-moto-e6s\/","og_locale":"es_ES","og_type":"article","og_title":"Motorola Moto E6S - Siticom S.A.S. - Servicios Integrales en Tecnolog\u00eda Inform\u00e1tica y Comuncaciones","og_description":"El Motorola Moto E6s es una variante del Moto E6 con una pantalla HD+ de 6.1 pulgadas y potenciado por un procesador Mediatek Helio P22.","og_url":"https:\/\/www.siticom.co\/web\/producto\/motorola-moto-e6s\/","og_site_name":"Siticom S.A.S. - Servicios Integrales en Tecnolog\u00eda Inform\u00e1tica y Comuncaciones","article_publisher":"https:\/\/www.facebook.com\/SiticomColombia","article_modified_time":"2024-11-16T17:34:52+00:00","og_image":[{"width":1080,"height":1080,"url":"https:\/\/www.siticom.co\/web\/wp-content\/uploads\/2019\/08\/Moto-E6S-post-IG.png","type":"image\/png"}],"twitter_card":"summary_large_image","twitter_site":"@SiticomSAS","twitter_misc":{"Tiempo de lectura":"1 minuto"},"schema":{"@context":"https:\/\/schema.org","@graph":[{"@type":"WebPage","@id":"https:\/\/www.siticom.co\/web\/producto\/motorola-moto-e6s\/","url":"https:\/\/www.siticom.co\/web\/producto\/motorola-moto-e6s\/","name":"Motorola Moto E6S - Siticom S.A.S. - Servicios Integrales en Tecnolog\u00eda Inform\u00e1tica y Comuncaciones","isPartOf":{"@id":"https:\/\/www.siticom.co\/web\/#website"},"primaryImageOfPage":{"@id":"https:\/\/www.siticom.co\/web\/producto\/motorola-moto-e6s\/#primaryimage"},"image":{"@id":"https:\/\/www.siticom.co\/web\/producto\/motorola-moto-e6s\/#primaryimage"},"thumbnailUrl":"https:\/\/www.siticom.co\/web\/wp-content\/uploads\/2019\/08\/Moto-E6S-post-IG.png","datePublished":"2019-08-04T00:44:30+00:00","dateModified":"2024-11-16T17:34:52+00:00","breadcrumb":{"@id":"https:\/\/www.siticom.co\/web\/producto\/motorola-moto-e6s\/#breadcrumb"},"inLanguage":"es","potentialAction":[{"@type":"ReadAction","target":["https:\/\/www.siticom.co\/web\/producto\/motorola-moto-e6s\/"]}]},{"@type":"ImageObject","inLanguage":"es","@id":"https:\/\/www.siticom.co\/web\/producto\/motorola-moto-e6s\/#primaryimage","url":"https:\/\/www.siticom.co\/web\/wp-content\/uploads\/2019\/08\/Moto-E6S-post-IG.png","contentUrl":"https:\/\/www.siticom.co\/web\/wp-content\/uploads\/2019\/08\/Moto-E6S-post-IG.png","width":1080,"height":1080},{"@type":"BreadcrumbList","@id":"https:\/\/www.siticom.co\/web\/producto\/motorola-moto-e6s\/#breadcrumb","itemListElement":[{"@type":"ListItem","position":1,"name":"Portada","item":"https:\/\/www.siticom.co\/web\/"},{"@type":"ListItem","position":2,"name":"Tienda en l\u00ednea","item":"https:\/\/www.siticom.co\/web\/tienda-en-linea\/"},{"@type":"ListItem","position":3,"name":"Motorola Moto E6S"}]},{"@type":"WebSite","@id":"https:\/\/www.siticom.co\/web\/#website","url":"https:\/\/www.siticom.co\/web\/","name":"Siticom S.A.S. - Servicios Integrales en Tecnolog\u00eda Inform\u00e1tica y Comuncaciones","description":"paginas web, hosting, reparacion de computadores, bogota, servidores, redes, cableado estructurado, router, switch, telefonia ip, tecnologia, sistemas, informatica, redes, linux, computadores, comunicaciones, internet, correo electronico, mail, seguridad, desarrollo de software, mantenimiento de computadores, impresoras, computadores, dise\u00f1o web, cms, webmaster, control de accesos, cctv, camaras ip","publisher":{"@id":"https:\/\/www.siticom.co\/web\/#organization"},"potentialAction":[{"@type":"SearchAction","target":{"@type":"EntryPoint","urlTemplate":"https:\/\/www.siticom.co\/web\/?s={search_term_string}"},"query-input":{"@type":"PropertyValueSpecification","valueRequired":true,"valueName":"search_term_string"}}],"inLanguage":"es"},{"@type":"Organization","@id":"https:\/\/www.siticom.co\/web\/#organization","name":"Siticom S.A.S.","url":"https:\/\/www.siticom.co\/web\/","logo":{"@type":"ImageObject","inLanguage":"es","@id":"https:\/\/www.siticom.co\/web\/#\/schema\/logo\/image\/","url":"https:\/\/www.siticom.co\/web\/wp-content\/uploads\/2018\/11\/LogoCircular.png","contentUrl":"https:\/\/www.siticom.co\/web\/wp-content\/uploads\/2018\/11\/LogoCircular.png","width":142,"height":132,"caption":"Siticom S.A.S."},"image":{"@id":"https:\/\/www.siticom.co\/web\/#\/schema\/logo\/image\/"},"sameAs":["https:\/\/www.facebook.com\/SiticomColombia","https:\/\/x.com\/SiticomSAS","https:\/\/www.instagram.com\/siticomsas\/","https:\/\/www.linkedin.com\/company\/siticom-sas\/"]}]}},"_links":{"self":[{"href":"https:\/\/www.siticom.co\/web\/wp-json\/wp\/v2\/product\/215","targetHints":{"allow":["GET"]}}],"collection":[{"href":"https:\/\/www.siticom.co\/web\/wp-json\/wp\/v2\/product"}],"about":[{"href":"https:\/\/www.siticom.co\/web\/wp-json\/wp\/v2\/types\/product"}],"replies":[{"embeddable":true,"href":"https:\/\/www.siticom.co\/web\/wp-json\/wp\/v2\/comments?post=215"}],"wp:featuredmedia":[{"embeddable":true,"href":"https:\/\/www.siticom.co\/web\/wp-json\/wp\/v2\/media\/867"}],"wp:attachment":[{"href":"https:\/\/www.siticom.co\/web\/wp-json\/wp\/v2\/media?parent=215"}],"wp:term":[{"taxonomy":"product_brand","embeddable":true,"href":"https:\/\/www.siticom.co\/web\/wp-json\/wp\/v2\/product_brand?post=215"},{"taxonomy":"product_cat","embeddable":true,"href":"https:\/\/www.siticom.co\/web\/wp-json\/wp\/v2\/product_cat?post=215"},{"taxonomy":"product_tag","embeddable":true,"href":"https:\/\/www.siticom.co\/web\/wp-json\/wp\/v2\/product_tag?post=215"}],"curies":[{"name":"wp","href":"https:\/\/api.w.org\/{rel}","templated":true}]}}