{"id":223,"date":"2019-08-04T02:36:28","date_gmt":"2019-08-04T02:36:28","guid":{"rendered":"http:\/\/www.siticom.co\/web\/?post_type=product&#038;p=223"},"modified":"2020-07-06T21:39:36","modified_gmt":"2020-07-07T02:39:36","slug":"huawei-mate-8-copia-2","status":"publish","type":"product","link":"https:\/\/www.siticom.co\/web\/producto\/huawei-mate-8-copia-2\/","title":{"rendered":"Huawei Y9 Prime 2019"},"content":{"rendered":"<p>El Huawei Y9 Prime (2019) llega con una pantalla Full HD+ de 6.59 pulgadas y es el segundo smartphone de Huawei con c\u00e1mara frontal pop-up motorizada de 16 MP. Potenciado por un procesador Kirin 710 de ocho n\u00facleos, el Y9 Prime 2019 est\u00e1 disponible en versiones de 4GB de memoria RAM y 64GB o 128GB de almacenamiento interno y cuenta con una c\u00e1mara triple de 16 MP + 8 MP + 2 MP, bater\u00eda de 4000 mAh, lector de huellas y corre EMUI 9 basado en Android Pie.<\/p>\n","protected":false},"excerpt":{"rendered":"<p>Mate 8, el phablet de Huawei Pantalla de seis pulgadas, dise\u00f1o de metal, lector de huellas dactilares, ranura Dual-SIM&#8230; El nuevo Huawei Mate 8 acaba de aterrizar y se presenta como un phablet de alta gama dispuesto a plantar cara a los m\u00f3viles premium m\u00e1s populares del mercado. &#8211; 2<\/p>\n","protected":false},"featured_media":804,"comment_status":"open","ping_status":"closed","template":"","meta":{"_et_pb_use_builder":"on","_et_pb_old_content":"El Huawei Y9 Prime (2019) llega con una pantalla Full HD+ de 6.59 pulgadas y es el segundo smartphone de Huawei con c\u00e1mara frontal pop-up motorizada de 16 MP. Potenciado por un procesador Kirin 710 de ocho n\u00facleos, el Y9 Prime 2019 est\u00e1 disponible en versiones de 4GB de memoria RAM y 64GB o 128GB de almacenamiento interno y cuenta con una c\u00e1mara triple de 16 MP + 8 MP + 2 MP, bater\u00eda de 4000 mAh, lector de huellas y corre EMUI 9 basado en Android Pie.","_et_gb_content_width":""},"product_brand":[],"product_cat":[23],"product_tag":[],"class_list":{"0":"post-223","1":"product","2":"type-product","3":"status-publish","4":"has-post-thumbnail","6":"product_cat-celulares","8":"first","9":"instock","10":"taxable","11":"shipping-taxable","12":"purchasable","13":"product-type-simple"},"yoast_head":"<!-- This site is optimized with the Yoast SEO plugin v27.2 - https:\/\/yoast.com\/product\/yoast-seo-wordpress\/ -->\n<title>Huawei Y9 Prime 2019 - Siticom S.A.S. - Servicios Integrales en Tecnolog\u00eda Inform\u00e1tica y Comuncaciones<\/title>\n<meta name=\"robots\" content=\"index, follow, max-snippet:-1, max-image-preview:large, max-video-preview:-1\" \/>\n<link rel=\"canonical\" href=\"https:\/\/www.siticom.co\/web\/producto\/huawei-mate-8-copia-2\/\" \/>\n<meta property=\"og:locale\" content=\"es_ES\" \/>\n<meta property=\"og:type\" content=\"article\" \/>\n<meta property=\"og:title\" content=\"Huawei Y9 Prime 2019 - Siticom S.A.S. - Servicios Integrales en Tecnolog\u00eda Inform\u00e1tica y Comuncaciones\" \/>\n<meta property=\"og:description\" content=\"Mate 8, el phablet de Huawei Pantalla de seis pulgadas, dise\u00f1o de metal, lector de huellas dactilares, ranura Dual-SIM... El nuevo Huawei Mate 8 acaba de aterrizar y se presenta como un phablet de alta gama dispuesto a plantar cara a los m\u00f3viles premium m\u00e1s populares del mercado. - 2\" \/>\n<meta property=\"og:url\" content=\"https:\/\/www.siticom.co\/web\/producto\/huawei-mate-8-copia-2\/\" \/>\n<meta property=\"og:site_name\" content=\"Siticom S.A.S. - Servicios Integrales en Tecnolog\u00eda Inform\u00e1tica y Comuncaciones\" \/>\n<meta property=\"article:publisher\" content=\"https:\/\/www.facebook.com\/SiticomColombia\" \/>\n<meta property=\"article:modified_time\" content=\"2020-07-07T02:39:36+00:00\" \/>\n<meta property=\"og:image\" content=\"https:\/\/www.siticom.co\/web\/wp-content\/uploads\/2019\/08\/HuaweiY9-Prime-post-IG.png\" \/>\n\t<meta property=\"og:image:width\" content=\"1080\" \/>\n\t<meta property=\"og:image:height\" content=\"1080\" \/>\n\t<meta property=\"og:image:type\" content=\"image\/png\" \/>\n<meta name=\"twitter:card\" content=\"summary_large_image\" \/>\n<meta name=\"twitter:site\" content=\"@SiticomSAS\" \/>\n<script type=\"application\/ld+json\" class=\"yoast-schema-graph\">{\"@context\":\"https:\/\/schema.org\",\"@graph\":[{\"@type\":\"WebPage\",\"@id\":\"https:\/\/www.siticom.co\/web\/producto\/huawei-mate-8-copia-2\/\",\"url\":\"https:\/\/www.siticom.co\/web\/producto\/huawei-mate-8-copia-2\/\",\"name\":\"Huawei Y9 Prime 2019 - Siticom S.A.S. - Servicios Integrales en Tecnolog\u00eda Inform\u00e1tica y Comuncaciones\",\"isPartOf\":{\"@id\":\"https:\/\/www.siticom.co\/web\/#website\"},\"primaryImageOfPage\":{\"@id\":\"https:\/\/www.siticom.co\/web\/producto\/huawei-mate-8-copia-2\/#primaryimage\"},\"image\":{\"@id\":\"https:\/\/www.siticom.co\/web\/producto\/huawei-mate-8-copia-2\/#primaryimage\"},\"thumbnailUrl\":\"https:\/\/www.siticom.co\/web\/wp-content\/uploads\/2019\/08\/HuaweiY9-Prime-post-IG.png\",\"datePublished\":\"2019-08-04T02:36:28+00:00\",\"dateModified\":\"2020-07-07T02:39:36+00:00\",\"breadcrumb\":{\"@id\":\"https:\/\/www.siticom.co\/web\/producto\/huawei-mate-8-copia-2\/#breadcrumb\"},\"inLanguage\":\"es\",\"potentialAction\":[{\"@type\":\"ReadAction\",\"target\":[\"https:\/\/www.siticom.co\/web\/producto\/huawei-mate-8-copia-2\/\"]}]},{\"@type\":\"ImageObject\",\"inLanguage\":\"es\",\"@id\":\"https:\/\/www.siticom.co\/web\/producto\/huawei-mate-8-copia-2\/#primaryimage\",\"url\":\"https:\/\/www.siticom.co\/web\/wp-content\/uploads\/2019\/08\/HuaweiY9-Prime-post-IG.png\",\"contentUrl\":\"https:\/\/www.siticom.co\/web\/wp-content\/uploads\/2019\/08\/HuaweiY9-Prime-post-IG.png\",\"width\":1080,\"height\":1080},{\"@type\":\"BreadcrumbList\",\"@id\":\"https:\/\/www.siticom.co\/web\/producto\/huawei-mate-8-copia-2\/#breadcrumb\",\"itemListElement\":[{\"@type\":\"ListItem\",\"position\":1,\"name\":\"Portada\",\"item\":\"https:\/\/www.siticom.co\/web\/\"},{\"@type\":\"ListItem\",\"position\":2,\"name\":\"Tienda en l\u00ednea\",\"item\":\"https:\/\/www.siticom.co\/web\/tienda-en-linea\/\"},{\"@type\":\"ListItem\",\"position\":3,\"name\":\"Huawei Y9 Prime 2019\"}]},{\"@type\":\"WebSite\",\"@id\":\"https:\/\/www.siticom.co\/web\/#website\",\"url\":\"https:\/\/www.siticom.co\/web\/\",\"name\":\"Siticom S.A.S. - Servicios Integrales en Tecnolog\u00eda Inform\u00e1tica y Comuncaciones\",\"description\":\"paginas web, hosting, reparacion de computadores, bogota, servidores, redes, cableado estructurado, router, switch, telefonia ip, tecnologia, sistemas, informatica, redes, linux, computadores, comunicaciones, internet, correo electronico, mail, seguridad, desarrollo de software, mantenimiento de computadores, impresoras, computadores, dise\u00f1o web, cms, webmaster, control de accesos, cctv, camaras ip\",\"publisher\":{\"@id\":\"https:\/\/www.siticom.co\/web\/#organization\"},\"potentialAction\":[{\"@type\":\"SearchAction\",\"target\":{\"@type\":\"EntryPoint\",\"urlTemplate\":\"https:\/\/www.siticom.co\/web\/?s={search_term_string}\"},\"query-input\":{\"@type\":\"PropertyValueSpecification\",\"valueRequired\":true,\"valueName\":\"search_term_string\"}}],\"inLanguage\":\"es\"},{\"@type\":\"Organization\",\"@id\":\"https:\/\/www.siticom.co\/web\/#organization\",\"name\":\"Siticom S.A.S.\",\"url\":\"https:\/\/www.siticom.co\/web\/\",\"logo\":{\"@type\":\"ImageObject\",\"inLanguage\":\"es\",\"@id\":\"https:\/\/www.siticom.co\/web\/#\/schema\/logo\/image\/\",\"url\":\"https:\/\/www.siticom.co\/web\/wp-content\/uploads\/2018\/11\/LogoCircular.png\",\"contentUrl\":\"https:\/\/www.siticom.co\/web\/wp-content\/uploads\/2018\/11\/LogoCircular.png\",\"width\":142,\"height\":132,\"caption\":\"Siticom S.A.S.\"},\"image\":{\"@id\":\"https:\/\/www.siticom.co\/web\/#\/schema\/logo\/image\/\"},\"sameAs\":[\"https:\/\/www.facebook.com\/SiticomColombia\",\"https:\/\/x.com\/SiticomSAS\",\"https:\/\/www.instagram.com\/siticomsas\/\",\"https:\/\/www.linkedin.com\/company\/siticom-sas\/\"]}]}<\/script>\n<!-- \/ Yoast SEO plugin. -->","yoast_head_json":{"title":"Huawei Y9 Prime 2019 - Siticom S.A.S. - Servicios Integrales en Tecnolog\u00eda Inform\u00e1tica y Comuncaciones","robots":{"index":"index","follow":"follow","max-snippet":"max-snippet:-1","max-image-preview":"max-image-preview:large","max-video-preview":"max-video-preview:-1"},"canonical":"https:\/\/www.siticom.co\/web\/producto\/huawei-mate-8-copia-2\/","og_locale":"es_ES","og_type":"article","og_title":"Huawei Y9 Prime 2019 - Siticom S.A.S. - Servicios Integrales en Tecnolog\u00eda Inform\u00e1tica y Comuncaciones","og_description":"Mate 8, el phablet de Huawei Pantalla de seis pulgadas, dise\u00f1o de metal, lector de huellas dactilares, ranura Dual-SIM... El nuevo Huawei Mate 8 acaba de aterrizar y se presenta como un phablet de alta gama dispuesto a plantar cara a los m\u00f3viles premium m\u00e1s populares del mercado. - 2","og_url":"https:\/\/www.siticom.co\/web\/producto\/huawei-mate-8-copia-2\/","og_site_name":"Siticom S.A.S. - Servicios Integrales en Tecnolog\u00eda Inform\u00e1tica y Comuncaciones","article_publisher":"https:\/\/www.facebook.com\/SiticomColombia","article_modified_time":"2020-07-07T02:39:36+00:00","og_image":[{"width":1080,"height":1080,"url":"https:\/\/www.siticom.co\/web\/wp-content\/uploads\/2019\/08\/HuaweiY9-Prime-post-IG.png","type":"image\/png"}],"twitter_card":"summary_large_image","twitter_site":"@SiticomSAS","schema":{"@context":"https:\/\/schema.org","@graph":[{"@type":"WebPage","@id":"https:\/\/www.siticom.co\/web\/producto\/huawei-mate-8-copia-2\/","url":"https:\/\/www.siticom.co\/web\/producto\/huawei-mate-8-copia-2\/","name":"Huawei Y9 Prime 2019 - Siticom S.A.S. - Servicios Integrales en Tecnolog\u00eda Inform\u00e1tica y Comuncaciones","isPartOf":{"@id":"https:\/\/www.siticom.co\/web\/#website"},"primaryImageOfPage":{"@id":"https:\/\/www.siticom.co\/web\/producto\/huawei-mate-8-copia-2\/#primaryimage"},"image":{"@id":"https:\/\/www.siticom.co\/web\/producto\/huawei-mate-8-copia-2\/#primaryimage"},"thumbnailUrl":"https:\/\/www.siticom.co\/web\/wp-content\/uploads\/2019\/08\/HuaweiY9-Prime-post-IG.png","datePublished":"2019-08-04T02:36:28+00:00","dateModified":"2020-07-07T02:39:36+00:00","breadcrumb":{"@id":"https:\/\/www.siticom.co\/web\/producto\/huawei-mate-8-copia-2\/#breadcrumb"},"inLanguage":"es","potentialAction":[{"@type":"ReadAction","target":["https:\/\/www.siticom.co\/web\/producto\/huawei-mate-8-copia-2\/"]}]},{"@type":"ImageObject","inLanguage":"es","@id":"https:\/\/www.siticom.co\/web\/producto\/huawei-mate-8-copia-2\/#primaryimage","url":"https:\/\/www.siticom.co\/web\/wp-content\/uploads\/2019\/08\/HuaweiY9-Prime-post-IG.png","contentUrl":"https:\/\/www.siticom.co\/web\/wp-content\/uploads\/2019\/08\/HuaweiY9-Prime-post-IG.png","width":1080,"height":1080},{"@type":"BreadcrumbList","@id":"https:\/\/www.siticom.co\/web\/producto\/huawei-mate-8-copia-2\/#breadcrumb","itemListElement":[{"@type":"ListItem","position":1,"name":"Portada","item":"https:\/\/www.siticom.co\/web\/"},{"@type":"ListItem","position":2,"name":"Tienda en l\u00ednea","item":"https:\/\/www.siticom.co\/web\/tienda-en-linea\/"},{"@type":"ListItem","position":3,"name":"Huawei Y9 Prime 2019"}]},{"@type":"WebSite","@id":"https:\/\/www.siticom.co\/web\/#website","url":"https:\/\/www.siticom.co\/web\/","name":"Siticom S.A.S. - Servicios Integrales en Tecnolog\u00eda Inform\u00e1tica y Comuncaciones","description":"paginas web, hosting, reparacion de computadores, bogota, servidores, redes, cableado estructurado, router, switch, telefonia ip, tecnologia, sistemas, informatica, redes, linux, computadores, comunicaciones, internet, correo electronico, mail, seguridad, desarrollo de software, mantenimiento de computadores, impresoras, computadores, dise\u00f1o web, cms, webmaster, control de accesos, cctv, camaras ip","publisher":{"@id":"https:\/\/www.siticom.co\/web\/#organization"},"potentialAction":[{"@type":"SearchAction","target":{"@type":"EntryPoint","urlTemplate":"https:\/\/www.siticom.co\/web\/?s={search_term_string}"},"query-input":{"@type":"PropertyValueSpecification","valueRequired":true,"valueName":"search_term_string"}}],"inLanguage":"es"},{"@type":"Organization","@id":"https:\/\/www.siticom.co\/web\/#organization","name":"Siticom S.A.S.","url":"https:\/\/www.siticom.co\/web\/","logo":{"@type":"ImageObject","inLanguage":"es","@id":"https:\/\/www.siticom.co\/web\/#\/schema\/logo\/image\/","url":"https:\/\/www.siticom.co\/web\/wp-content\/uploads\/2018\/11\/LogoCircular.png","contentUrl":"https:\/\/www.siticom.co\/web\/wp-content\/uploads\/2018\/11\/LogoCircular.png","width":142,"height":132,"caption":"Siticom S.A.S."},"image":{"@id":"https:\/\/www.siticom.co\/web\/#\/schema\/logo\/image\/"},"sameAs":["https:\/\/www.facebook.com\/SiticomColombia","https:\/\/x.com\/SiticomSAS","https:\/\/www.instagram.com\/siticomsas\/","https:\/\/www.linkedin.com\/company\/siticom-sas\/"]}]}},"_links":{"self":[{"href":"https:\/\/www.siticom.co\/web\/wp-json\/wp\/v2\/product\/223","targetHints":{"allow":["GET"]}}],"collection":[{"href":"https:\/\/www.siticom.co\/web\/wp-json\/wp\/v2\/product"}],"about":[{"href":"https:\/\/www.siticom.co\/web\/wp-json\/wp\/v2\/types\/product"}],"replies":[{"embeddable":true,"href":"https:\/\/www.siticom.co\/web\/wp-json\/wp\/v2\/comments?post=223"}],"wp:featuredmedia":[{"embeddable":true,"href":"https:\/\/www.siticom.co\/web\/wp-json\/wp\/v2\/media\/804"}],"wp:attachment":[{"href":"https:\/\/www.siticom.co\/web\/wp-json\/wp\/v2\/media?parent=223"}],"wp:term":[{"taxonomy":"product_brand","embeddable":true,"href":"https:\/\/www.siticom.co\/web\/wp-json\/wp\/v2\/product_brand?post=223"},{"taxonomy":"product_cat","embeddable":true,"href":"https:\/\/www.siticom.co\/web\/wp-json\/wp\/v2\/product_cat?post=223"},{"taxonomy":"product_tag","embeddable":true,"href":"https:\/\/www.siticom.co\/web\/wp-json\/wp\/v2\/product_tag?post=223"}],"curies":[{"name":"wp","href":"https:\/\/api.w.org\/{rel}","templated":true}]}}